{"id":14,"date":"2021-08-20T04:34:06","date_gmt":"2021-08-20T04:34:06","guid":{"rendered":"http:\/\/oenicaragua.org\/new\/?page_id=14"},"modified":"2021-10-06T20:43:51","modified_gmt":"2021-10-07T02:43:51","slug":"contacto","status":"publish","type":"page","link":"https:\/\/oenicaragua.org\/?page_id=14","title":{"rendered":"Cont\u00e1ctanos"},"content":{"rendered":"<p><img loading=\"lazy\" decoding=\"async\" src=\"https:\/\/oenicaragua.org\/wp-content\/themes\/hestia\/assets\/img\/contact1.png\" width=\"40\" height=\"40\" alt=\"Encuentranos\" class=\"alignleft size-medium\" \/><strong>Encu\u00e9ntranos en la oficina<\/strong><br \/>\nBolonia, \u00d3ptica Nicarag\u00fcense 1 1\/2 c. al Este M\/D.<br \/>\nManagua, Nicaragua<\/p>\n<p>&nbsp;<\/p>\n<p><img loading=\"lazy\" decoding=\"async\" src=\"https:\/\/oenicaragua.org\/wp-content\/themes\/hestia\/assets\/img\/contact2.png\" width=\"40\" height=\"40\" alt=\"Llamanos\" class=\"alignleft size-medium\" \/><strong>Danos una llamada<\/strong><br \/>\nManagua<br \/>\n+(505) 2266 9953<\/p>\n<p>&nbsp;<\/p>\n<p><img loading=\"lazy\" decoding=\"async\" src=\"https:\/\/oenicaragua.org\/wp-content\/themes\/hestia\/assets\/img\/contact3.png\" width=\"40\" height=\"40\" alt=\"Informaci\u00f3n\" class=\"alignleft size-medium\" \/><strong>Informaci\u00f3n<\/strong><br \/>\ninfo@oenicaragua.org<br \/>\nadoenic2020@gmail.com<\/p>\n","protected":false},"excerpt":{"rendered":"<p>Encu\u00e9ntranos en la oficina Bolonia, \u00d3ptica Nicarag\u00fcense 1 1\/2 c. al Este M\/D. Managua, Nicaragua &nbsp; Danos una llamada Managua +(505) 2266 9953 &nbsp; Informaci\u00f3n info@oenicaragua.org adoenic2020@gmail.com<\/p>\n","protected":false},"author":1,"featured_media":512,"parent":0,"menu_order":0,"comment_status":"closed","ping_status":"closed","template":"","meta":{"footnotes":""},"class_list":["post-14","page","type-page","status-publish","has-post-thumbnail","hentry"],"_links":{"self":[{"href":"https:\/\/oenicaragua.org\/index.php?rest_route=\/wp\/v2\/pages\/14","targetHints":{"allow":["GET"]}}],"collection":[{"href":"https:\/\/oenicaragua.org\/index.php?rest_route=\/wp\/v2\/pages"}],"about":[{"href":"https:\/\/oenicaragua.org\/index.php?rest_route=\/wp\/v2\/types\/page"}],"author":[{"embeddable":true,"href":"https:\/\/oenicaragua.org\/index.php?rest_route=\/wp\/v2\/users\/1"}],"replies":[{"embeddable":true,"href":"https:\/\/oenicaragua.org\/index.php?rest_route=%2Fwp%2Fv2%2Fcomments&post=14"}],"version-history":[{"count":31,"href":"https:\/\/oenicaragua.org\/index.php?rest_route=\/wp\/v2\/pages\/14\/revisions"}],"predecessor-version":[{"id":1085,"href":"https:\/\/oenicaragua.org\/index.php?rest_route=\/wp\/v2\/pages\/14\/revisions\/1085"}],"wp:featuredmedia":[{"embeddable":true,"href":"https:\/\/oenicaragua.org\/index.php?rest_route=\/wp\/v2\/media\/512"}],"wp:attachment":[{"href":"https:\/\/oenicaragua.org\/index.php?rest_route=%2Fwp%2Fv2%2Fmedia&parent=14"}],"curies":[{"name":"wp","href":"https:\/\/api.w.org\/{rel}","templated":true}]}}