{"id":2252,"date":"2022-09-02T02:30:58","date_gmt":"2022-09-02T08:30:58","guid":{"rendered":"https:\/\/oenicaragua.org\/?page_id=2252"},"modified":"2022-09-02T02:51:26","modified_gmt":"2022-09-02T08:51:26","slug":"marjourie-beatriz-solano-ramirez","status":"publish","type":"page","link":"https:\/\/oenicaragua.org\/?page_id=2252","title":{"rendered":"Marjourie Beatriz Solano Ram\u00edrez"},"content":{"rendered":"<div id=\"attachment_2253\" style=\"width: 760px\" class=\"wp-caption alignnone\"><img loading=\"lazy\" decoding=\"async\" aria-describedby=\"caption-attachment-2253\" src=\"https:\/\/oenicaragua.org\/wp-content\/uploads\/2022\/09\/MS_03-1024x576.jpg\" alt=\"\" width=\"750\" height=\"422\" class=\"wp-image-2253 size-large\" srcset=\"https:\/\/oenicaragua.org\/wp-content\/uploads\/2022\/09\/MS_03-1024x576.jpg 1024w, https:\/\/oenicaragua.org\/wp-content\/uploads\/2022\/09\/MS_03-300x169.jpg 300w, https:\/\/oenicaragua.org\/wp-content\/uploads\/2022\/09\/MS_03-768x432.jpg 768w, https:\/\/oenicaragua.org\/wp-content\/uploads\/2022\/09\/MS_03-1536x864.jpg 1536w, https:\/\/oenicaragua.org\/wp-content\/uploads\/2022\/09\/MS_03-2048x1152.jpg 2048w\" sizes=\"auto, (max-width: 750px) 100vw, 750px\" \/><p id=\"caption-attachment-2253\" class=\"wp-caption-text\"><strong>Mercedes Ram\u00edrez: \u00abMarjorie es mi orgullo y el de toda la familia\u00bb<\/strong><\/p><\/div>\n<p style=\"text-align: justify;\">Cuando <strong>Marjourie Beatriz Solano Ram\u00edrez<\/strong> naci\u00f3 el 5 de mayo de 1995, los m\u00e9dicos advirtieron a su mam\u00e1 <strong>Mercedes Ram\u00edrez<\/strong> que cuidado la dejaba a su suerte por haber nacido con una discapacidad (s\u00edndrome de down), pero lo que no sab\u00edan los m\u00e9dicos es que do\u00f1a Mercedes estaba dispuesta a darle todo el amor a su hija, como a sus otros hijos m\u00e1s, y la iba a sacar adelante como hasta ahora lo sigue haciendo, 27 a\u00f1os despu\u00e9s. Marjorie es una destacada atleta de la disciplina de atletismo, en su casa anida 75 medallas de diversos colores representando con orgullo a <strong>Nicaragua.<\/strong><\/p>\n<p style=\"text-align: justify;\">\u00ab<strong>Marjourie es mi orgullo y el de toda la familia<\/strong>. Soy madre soltera y he criado a mis ocho hijos con mucho esfuerzo. Cuando naci\u00f3 la ni\u00f1a los m\u00e9dicos me dijeron que cuidado la regalaba pues pensaban que no iba a poder con siete hijos y adem\u00e1s con una ni\u00f1a con discapacidad\u00bb, record\u00f3 la mam\u00e1 de Marjorie, do\u00f1a Mercedes.<\/p>\n<p style=\"text-align: justify;\">Y es que desde que naci\u00f3 Marjorie, la cumiche de la familia, ha retado al destino. A la ni\u00f1a le cost\u00f3 caminar, fue a los tres a\u00f1os cuando aprendi\u00f3 a dar sus primeros pasos, y luego aprendi\u00f3 a correr, lo que la ha llevado a las <strong>pistas de atletismo de Centroam\u00e9rica, M\u00e9xico y Emiratos \u00c1rabes.<\/strong><\/p>\n<p style=\"text-align: justify;\"><strong>\u00abTengo muchas medallas y quiero ganar m\u00e1s\u00bb<\/strong>, dice entre risas y esperanzas Marjourie.<\/p>\n<p style=\"text-align: justify;\">Marjorie fue parte de la delegaci\u00f3n de atletas que conquist\u00f3 11 medallas, de las cuales cinco fueron de oro, dos de plata y cinco de bronce, en los <strong>Juegos Mundiales de Olimpiadas Especiales en Abu Dabi, Emiratos \u00c1rabes en el 2019.<\/strong><\/p>\n<p style=\"text-align: justify;\"><strong>\u00abMi sue\u00f1o siempre fue ser campeona\u00bb<\/strong>, dice Marjorie.<\/p>\n<p style=\"text-align: justify;\"><strong>Do\u00f1a Mercedes<\/strong> mira con orgullo a su hija y recuerda que la lucha por sacarla adelante no ha sido f\u00e1cil.<\/p>\n<p style=\"text-align: justify;\">\u00abNo imagin\u00e9 que Marjorie iba a ser atleta, pero siempre se le apoy\u00f3. Tengo ocho hijos ya que dos se me murieron, <strong>Marjorie es la cumiche<\/strong>, toda la familia la apoya, mientras yo trabajaba sus hermanos la llevaban a clase y al deporte y ahora me toca a m\u00ed llevarla a todos lados, siempre he invertido en Marjorie, ella es muy inteligente, se vale por s\u00ed misma\u00bb, dice do\u00f1a Mercedes.<\/p>\n<p style=\"text-align: justify;\">Adem\u00e1s de ser atleta, Marjorie sabe leer y escribir. Sabe usar el celular y tambi\u00e9n la computadora. <strong>Tambi\u00e9n la jovencita se comunica a trav\u00e9s del lenguaje de se\u00f1as.<\/strong><\/p>\n<p style=\"text-align: justify;\"><strong>\u00abMi sue\u00f1o es viajar a Espa\u00f1a y tambi\u00e9n a Costa Rica\u00bb<\/strong>, dice con alegr\u00eda la destacada atleta pinolera.<\/p>\n<p style=\"text-align: justify;\">Sacar adelante a Marjorie no ha sido f\u00e1cil, es por eso que do\u00f1a Mercedes, de 64 a\u00f1os de edad, manda un mensaje a los padres que tienen hijos con discapacidad:<\/p>\n<p style=\"text-align: justify;\">\u00abLe digo a los padres que apoyen a sus hijos desde peque\u00f1os, pero que sea constante, no solo unos d\u00edas sino siempre, si uno los apoya desde peque\u00f1os sus hijos van a lograr salir adelante\u00bb,\u00a0 finaliz\u00f3 <strong>do\u00f1a Mercedes.<\/strong><\/p>\n","protected":false},"excerpt":{"rendered":"<p>Cuando Marjourie Beatriz Solano Ram\u00edrez naci\u00f3 el 5 de mayo de 1995, los m\u00e9dicos advirtieron a su mam\u00e1 Mercedes Ram\u00edrez que cuidado la dejaba a su suerte por haber nacido con una discapacidad (s\u00edndrome de down), pero lo que no sab\u00edan los m\u00e9dicos es que do\u00f1a Mercedes estaba dispuesta a [&hellip;]<\/p>\n","protected":false},"author":1,"featured_media":0,"parent":0,"menu_order":0,"comment_status":"closed","ping_status":"closed","template":"","meta":{"footnotes":""},"class_list":["post-2252","page","type-page","status-publish","hentry"],"_links":{"self":[{"href":"https:\/\/oenicaragua.org\/index.php?rest_route=\/wp\/v2\/pages\/2252","targetHints":{"allow":["GET"]}}],"collection":[{"href":"https:\/\/oenicaragua.org\/index.php?rest_route=\/wp\/v2\/pages"}],"about":[{"href":"https:\/\/oenicaragua.org\/index.php?rest_route=\/wp\/v2\/types\/page"}],"author":[{"embeddable":true,"href":"https:\/\/oenicaragua.org\/index.php?rest_route=\/wp\/v2\/users\/1"}],"replies":[{"embeddable":true,"href":"https:\/\/oenicaragua.org\/index.php?rest_route=%2Fwp%2Fv2%2Fcomments&post=2252"}],"version-history":[{"count":4,"href":"https:\/\/oenicaragua.org\/index.php?rest_route=\/wp\/v2\/pages\/2252\/revisions"}],"predecessor-version":[{"id":2273,"href":"https:\/\/oenicaragua.org\/index.php?rest_route=\/wp\/v2\/pages\/2252\/revisions\/2273"}],"wp:attachment":[{"href":"https:\/\/oenicaragua.org\/index.php?rest_route=%2Fwp%2Fv2%2Fmedia&parent=2252"}],"curies":[{"name":"wp","href":"https:\/\/api.w.org\/{rel}","templated":true}]}}