{"id":2319,"date":"2022-09-06T04:46:47","date_gmt":"2022-09-06T10:46:47","guid":{"rendered":"https:\/\/oenicaragua.org\/?page_id=2319"},"modified":"2022-09-06T04:53:28","modified_gmt":"2022-09-06T10:53:28","slug":"cristhopher-josue-solis-downs","status":"publish","type":"page","link":"https:\/\/oenicaragua.org\/?page_id=2319","title":{"rendered":"Cristhopher Josu\u00e9 Sol\u00eds Downs"},"content":{"rendered":"<div id=\"attachment_2320\" style=\"width: 760px\" class=\"wp-caption aligncenter\"><img loading=\"lazy\" decoding=\"async\" aria-describedby=\"caption-attachment-2320\" src=\"https:\/\/oenicaragua.org\/wp-content\/uploads\/2022\/09\/CS-3-1024x576.jpg\" alt=\"\" width=\"750\" height=\"422\" class=\"size-large wp-image-2320\" srcset=\"https:\/\/oenicaragua.org\/wp-content\/uploads\/2022\/09\/CS-3-1024x576.jpg 1024w, https:\/\/oenicaragua.org\/wp-content\/uploads\/2022\/09\/CS-3-300x169.jpg 300w, https:\/\/oenicaragua.org\/wp-content\/uploads\/2022\/09\/CS-3-768x432.jpg 768w, https:\/\/oenicaragua.org\/wp-content\/uploads\/2022\/09\/CS-3-1536x864.jpg 1536w, https:\/\/oenicaragua.org\/wp-content\/uploads\/2022\/09\/CS-3-2048x1152.jpg 2048w\" sizes=\"auto, (max-width: 750px) 100vw, 750px\" \/><p id=\"caption-attachment-2320\" class=\"wp-caption-text\">Mar\u00eda Downs: \u00abCristhopher es un rayito de luz\u00bb<\/p><\/div>\n<p style=\"text-align: justify;\">Cuando <strong>Mar\u00eda Auxiliadora Downs y Guillermo Sol\u00eds<\/strong> hablan de su hijo <strong>Cristhopher Josu\u00e9 Sol\u00eds Downs<\/strong> la emoci\u00f3n y el orgullo no le caben en el pecho. Y es que desde que naci\u00f3, hace 28 a\u00f1os, Cristhopher ha sido un guerrero. Su mam\u00e1 dice que Cristhopher\u00a0(Deficiencia Auditiva)\u00a0es un milagro de Dios, un rayito de luz, que ha puesto en alto la bandera de <strong>Nicaragua<\/strong> por medio de la nataci\u00f3n y adem\u00e1s es un gran chef.<\/p>\n<p style=\"text-align: justify;\">\n<p style=\"text-align: justify;\"><strong>Cristhopher<\/strong> es el primero de dos hijos del matrimonio formado por Mar\u00eda Downs y Guillermo Sol\u00eds y como primog\u00e9nito fue esperado con gran amor e ilusi\u00f3n, sin imaginar que la vida les ten\u00eda preparado una tarea ardua, pero a la vez especial.<\/p>\n<p style=\"text-align: justify;\">\n<p style=\"text-align: justify;\">\u00ab<strong>Cristhopher es un regalo de Dios, es un milagro que hable<\/strong>. No tengo palabras para agradecerle a Dios todo lo que ha hecho por mi hijo. Hoy en d\u00eda ha aprendido el lenguaje de se\u00f1as. Es un muchacho expresivo, dadivoso, amoroso, todo mundo lo quiere\u00bb, confiesa con alegr\u00eda su mam\u00e1 Downs.<\/p>\n<p style=\"text-align: justify;\">\n<p style=\"text-align: justify;\">Y es que el <strong>atleta de nataci\u00f3n<\/strong> debido a un medicamento que le aplicaron a pocos d\u00edas de nacido le afect\u00f3 su o\u00eddo, lo que a su vez ocasion\u00f3 tambi\u00e9n problemas de aprendizaje.<\/p>\n<p style=\"text-align: justify;\">\n<p style=\"text-align: justify;\">\u00abFue hasta los cuatro a\u00f1os de edad que supimos que nuestro hijo ten\u00eda insuficiencia auditiva porque no hablaba, fue a partir de entonces que buscamos especialistas, conocimos a <strong>Ileana Ruiz de Los Pipitos<\/strong> quien nos aclar\u00f3 el problema auditivo de nuestro hijo y el <strong>psic\u00f3logo Francisco Castillo<\/strong> nos ayud\u00f3 tambi\u00e9n de gran manera\u00bb, cont\u00f3 Mar\u00eda.<\/p>\n<p style=\"text-align: justify;\">\n<p style=\"text-align: justify;\">En tanto, don Guillermo asegura que \u00abme asust\u00e9 de tener un hijo especial, no tenia conciencia hasta que visit\u00e9 <strong>Los Pipitos<\/strong>, ah\u00ed vi a otros ni\u00f1os en condiciones m\u00e1s duras, reconozco que a mi esposa le debemos lo que es Cristhopher ahora\u00bb.<\/p>\n<p style=\"text-align: justify;\">\n<p style=\"text-align: justify;\"><strong>PRIMERO SU HIJO<\/strong><\/p>\n<p style=\"text-align: justify;\">\n<p style=\"text-align: justify;\">Do\u00f1a Mar\u00eda tras conocer el problema de su hijo, no la pens\u00f3 dos veces y sacrific\u00f3 sus sue\u00f1os profesionales de <strong>Ingeniera El\u00e9ctrica<\/strong> y se dedic\u00f3 en cuerpo y alma a su hijo Cristhopher.<\/p>\n<p style=\"text-align: justify;\">\n<p style=\"text-align: justify;\">\u00ab<strong>Cuando uno es mam\u00e1 es capaz de todo<\/strong>. Tras conocer el problema en su o\u00eddo me enfoqu\u00e9 en \u00e9l, no quise buscar a otra persona que me lo asistiera porque nadie mejor que yo pod\u00eda darle el amor y paciencia que necesitaba. La lucha fue dura y sigue siendo dura. <strong>Cristhopher dijo sus primeras palabras (pollo y pizza)<\/strong>, cuando ten\u00eda nueve a\u00f1os de edad y entonces me di cuenta que haber dejado mi profesi\u00f3n y haberme dedicado a \u00e9l hab\u00eda valido la pena\u00bb, dice con l\u00e1grimas en sus ojos, do\u00f1a Mar\u00eda.<\/p>\n<p style=\"text-align: justify;\">\n<p style=\"text-align: justify;\">Fue a los cinco a\u00f1os que Cristhopher nad\u00f3 por vez primera como terapia y relajaci\u00f3n, sin imaginar que a\u00f1os despu\u00e9s el agua lo llevar\u00eda a cruzar oc\u00e9anos representando a <strong>Nicaragua<\/strong>.<\/p>\n<p style=\"text-align: justify;\">\n<p style=\"text-align: justify;\">\u00abDesde que estaba peque\u00f1o a Cristhopher le gust\u00f3 nadar, en su <strong>colegio La Verde Sonrisa<\/strong> nad\u00f3 por vez primera. Luego sigui\u00f3 con su pasi\u00f3n en la <strong>piscina Barracudas<\/strong> en donde conocimos a don <strong>Miguel Ascencio (Fenanica)<\/strong> y posteriormente a don <strong>Dionicio Zeled\u00f3n (Fedcopan)<\/strong>, fue entonces que vieron que ten\u00eda talento para representar a Nicaragua\u00bb, sigui\u00f3 su mam\u00e1.<\/p>\n<p style=\"text-align: justify;\">\n<p style=\"text-align: justify;\"><strong>SU MAYOR LOGRO<\/strong><\/p>\n<p style=\"text-align: justify;\">\n<p style=\"text-align: justify;\">Desde el 2011,Cristhopher representa a Nicaragua y su mayor logro hasta ahora deportivo fue haber sido parte de la delegaci\u00f3n de atletas que le dio al pa\u00eds 11 medallas, de las cuales cinco fueron de oro, dos de plata y cinco de bronce en los <strong>Juegos Ol\u00edmpicos Especiales en Abu Dhabi de Emiratos \u00c1rabes en el 2019.<\/strong><\/p>\n<p style=\"text-align: justify;\">\n<p style=\"text-align: justify;\">\u00ab<strong>Como pap\u00e1\u00a0 puedo decir que admiro a mi hijo<\/strong>. Nunca le hemos puesto obst\u00e1culos. Es un hombre aventado, cari\u00f1oso con sus semejantes, cuando se propone algo lo logra,\u00a0 Tuve la oportunidad de verlo competir una vez en <strong>Panam\u00e1<\/strong>, llor\u00e9 de emoci\u00f3n, de orgullo, estar en otro pa\u00eds y ver que aplaud\u00edan a mi hijo fue algo emocionante, cada vez que lo recuerdo me emociono\u00bb, confes\u00f3 don Guillermo.<\/p>\n<p style=\"text-align: justify;\">\n<p style=\"text-align: justify;\"><strong>SU OTRA PASI\u00d3N<\/strong><\/p>\n<p style=\"text-align: justify;\">\n<p style=\"text-align: justify;\">Una vez que se quita el uniforme de nataci\u00f3n, Cristhopher se pone el de <strong>Chef<\/strong>, pues su otra pasi\u00f3n es la cocina. Tras bachillerase estudi\u00f3 en la <strong>Escuela Nacional de Hoteler\u00eda<\/strong>, en donde dio sus primeros pasos en la cocina.<\/p>\n<p style=\"text-align: justify;\">\n<p style=\"text-align: justify;\">\u00abSue\u00f1o con ver a mi hijo con un negocio de comida, en donde \u00e9l sea su propio jefe, nosotros lo vamos a apoyar siempre ,\u00e9l tiene muchas condiciones para ser un gran cocinero, tiene la habilidad y el don\u00bb, expresa <strong>don Guillermo<\/strong>, mientras que su mam\u00e1 agrega que \u00ab\u00c9l tiene todo el potencial para llegar donde quiera, solo necesita concentrarse, le pido al Se\u00f1or que sea independiente, esa es mi lucha y ese ser\u00e1 mi mayor logro\u00bb.<\/p>\n<p style=\"text-align: justify;\">\n<p style=\"text-align: justify;\">Desde hace tres a\u00f1os, Cristhopher labora en un <strong>restaurante espa\u00f1ol<\/strong>. Hace a\u00f1os tambi\u00e9n labor\u00f3 en otro restaurante. Su pasi\u00f3n por la cocina lo trae en la sangre, lo hered\u00f3 de su abuelita.<\/p>\n<p style=\"text-align: justify;\">\n<p style=\"text-align: justify;\"><strong>M\u00c1S APOYO<\/strong><\/p>\n<p style=\"text-align: justify;\">\n<p style=\"text-align: justify;\"><strong>Do\u00f1a Mar\u00eda<\/strong> finaliz\u00f3 diciendo que \u00ab<strong>Los trabajos para personas con discapacidad son bastante cerrados, no lo digo solo por mi hijo, sino por todos las personas con discapacidad<\/strong>, hay que dar m\u00e1s apertura a nivel de todo, no tienen apoyo. Es importante que las instituciones tengan conciencia de las personas con discapacidad\u00bb.<\/p>\n<p style=\"text-align: justify;\">\n<p style=\"text-align: justify;\"><strong>Mar\u00eda Bel\u00e9n<\/strong> es la hermana menor de Cristhopher y ha sido una ayuda id\u00f3nea en su vida.<\/p>\n<p style=\"text-align: justify;\">\n<p style=\"text-align: justify;\">\u00abMar\u00eda Bel\u00e9n es la hermana de Cristhopher, ella siempre ha apoyado a su hermano, tambi\u00e9n ha colaborado en su recuperaci\u00f3n. El m\u00e9dico nos recomend\u00f3 que pudiera tener un hermano como ayuda id\u00f3nea y <strong>Mar\u00eda Bel\u00e9n lo ha sido<\/strong>, ellos se llevan bien, es bien dadivoso\u00bb, confesaron sus padres.<\/p>\n<p>&nbsp;<\/p>\n","protected":false},"excerpt":{"rendered":"<p>Cuando Mar\u00eda Auxiliadora Downs y Guillermo Sol\u00eds hablan de su hijo Cristhopher Josu\u00e9 Sol\u00eds Downs la emoci\u00f3n y el orgullo no le caben en el pecho. Y es que desde que naci\u00f3, hace 28 a\u00f1os, Cristhopher ha sido un guerrero. Su mam\u00e1 dice que Cristhopher\u00a0(Deficiencia Auditiva)\u00a0es un milagro de Dios, [&hellip;]<\/p>\n","protected":false},"author":1,"featured_media":0,"parent":0,"menu_order":0,"comment_status":"closed","ping_status":"closed","template":"","meta":{"footnotes":""},"class_list":["post-2319","page","type-page","status-publish","hentry"],"_links":{"self":[{"href":"https:\/\/oenicaragua.org\/index.php?rest_route=\/wp\/v2\/pages\/2319","targetHints":{"allow":["GET"]}}],"collection":[{"href":"https:\/\/oenicaragua.org\/index.php?rest_route=\/wp\/v2\/pages"}],"about":[{"href":"https:\/\/oenicaragua.org\/index.php?rest_route=\/wp\/v2\/types\/page"}],"author":[{"embeddable":true,"href":"https:\/\/oenicaragua.org\/index.php?rest_route=\/wp\/v2\/users\/1"}],"replies":[{"embeddable":true,"href":"https:\/\/oenicaragua.org\/index.php?rest_route=%2Fwp%2Fv2%2Fcomments&post=2319"}],"version-history":[{"count":4,"href":"https:\/\/oenicaragua.org\/index.php?rest_route=\/wp\/v2\/pages\/2319\/revisions"}],"predecessor-version":[{"id":2325,"href":"https:\/\/oenicaragua.org\/index.php?rest_route=\/wp\/v2\/pages\/2319\/revisions\/2325"}],"wp:attachment":[{"href":"https:\/\/oenicaragua.org\/index.php?rest_route=%2Fwp%2Fv2%2Fmedia&parent=2319"}],"curies":[{"name":"wp","href":"https:\/\/api.w.org\/{rel}","templated":true}]}}